{"id":825,"date":"2018-06-13T21:17:14","date_gmt":"2018-06-13T21:17:14","guid":{"rendered":"http:\/\/localhost\/medicina\/?page_id=825"},"modified":"2019-01-25T17:23:44","modified_gmt":"2019-01-25T20:23:44","slug":"mision-y-vision","status":"publish","type":"page","link":"https:\/\/salud.uda.cl\/ergonomia\/mision-y-vision\/","title":{"rendered":"Misi\u00f3n y Visi\u00f3n"},"content":{"rendered":"<p>[et_pb_section fb_built=&#8221;1&#8243; admin_label=&#8221;About&#8221; _builder_version=&#8221;3.4.1&#8243; custom_padding=&#8221;25px|0px|40px|0px|false|false&#8221;][et_pb_row use_custom_gutter=&#8221;on&#8221; gutter_width=&#8221;0&#8243; custom_padding=&#8221;27px|0px|0|0px|false|false&#8221; custom_margin=&#8221;|||&#8221; _builder_version=&#8221;3.4.1&#8243;][et_pb_column type=&#8221;1_2&#8243; _builder_version=&#8221;3.0.47&#8243; parallax=&#8221;off&#8221; parallax_method=&#8221;on&#8221;][et_pb_text _builder_version=&#8221;3.4.1&#8243; header_2_font=&#8221;Merriweather|700|||||||&#8221; header_2_font_size=&#8221;40px&#8221; header_2_line_height=&#8221;1.3em&#8221; custom_margin=&#8221;|||&#8221; custom_padding=&#8221;|||&#8221;]<\/p>\n<h3>Ergonom\u00eda <span style=\"color: #fda128;\">Misi\u00f3n y Visi\u00f3n<\/span><\/h3>\n<p>[\/et_pb_text][et_pb_divider color=&#8221;#fda128&#8243; divider_position=&#8221;center&#8221; divider_weight=&#8221;3px&#8221; _builder_version=&#8221;3.4.1&#8243; max_width=&#8221;90px&#8221; max_width_tablet=&#8221;13%&#8221; max_width_last_edited=&#8221;off|desktop&#8221; custom_margin=&#8221;5px|||&#8221; custom_padding=&#8221;|||&#8221;]&nbsp;[\/et_pb_divider][\/et_pb_column][et_pb_column type=&#8221;1_2&#8243; _builder_version=&#8221;3.0.47&#8243; parallax=&#8221;off&#8221; parallax_method=&#8221;on&#8221;][\/et_pb_column][\/et_pb_row][et_pb_row custom_padding=&#8221;30px|0px|44px|0px|false|false&#8221; _builder_version=&#8221;3.19.1&#8243;][et_pb_column type=&#8221;4_4&#8243; _builder_version=&#8221;3.0.47&#8243; parallax=&#8221;off&#8221; parallax_method=&#8221;on&#8221;][et_pb_text admin_label=&#8221;description&#8221; _builder_version=&#8221;3.11.1&#8243; text_line_height=&#8221;1.8em&#8221; text_orientation=&#8221;justified&#8221; max_width_tablet=&#8221;89%&#8221; max_width_phone=&#8221;97%&#8221; max_width_last_edited=&#8221;off|desktop&#8221; custom_margin=&#8221;30px|||&#8221; custom_padding=&#8221;|||&#8221; inline_fonts=&#8221;Acme,Akronim&#8221;]<\/p>\n<p><strong>Misi\u00f3n<\/strong><\/p>\n<p>Ser un centro de referencia de car\u00e1cter Regional, que imparta docencia avanzada en esta disciplina entregando formaci\u00f3n de postgrado y post\u00edtulo en todas las \u00e1reas de la ergonom\u00eda, manteniendo el proceso de ense\u00f1anza &#8211; aprendizaje, que permita ofrecer formaci\u00f3n de conocimientos, habilidades y actitudes a nuestros estudiantes, con el fin de que puedan contribuir de manera activa a la transformaci\u00f3n del trabajo en beneficio de las personas y de las empresas de la regi\u00f3n, aportando con la investigaci\u00f3n aplicada en las comunidades laborales y al desarrollo cient\u00edfico y social de la regi\u00f3n de Atacama y del pa\u00eds.<\/p>\n<p>&nbsp;<\/p>\n<p><strong>Visi\u00f3n<\/strong><\/p>\n<p>&nbsp;<\/p>\n<p>Queremos llegar a constituirnos en un centro de referencia de car\u00e1cter Regional, que produzca conocimientos necesarios para comprender la realidad de los trabajos de la regi\u00f3n, a trav\u00e9s de la generaci\u00f3n de proyectos de investigaci\u00f3n que consideren la innovaci\u00f3n y la tecnolog\u00eda,\u00a0 mediante la investigaci\u00f3n aplicada avanzada, la producci\u00f3n de publicaciones cient\u00edficas y de divulgaci\u00f3n, principalmente realizando formaci\u00f3n de postgrado y post\u00edtulo en todas las \u00e1reas de la ergonom\u00eda, desde un paradigma constructivista, que permitir\u00e1 ofrecer formaci\u00f3n de conocimientos, habilidades y actitudes a nuestros estudiantes, con el fin de que puedan contribuir de manera activa a la transformaci\u00f3n del trabajo en beneficio de las personas y de las empresas de la regi\u00f3n, aportando con la investigaci\u00f3n en las comunidades laborales y al desarrollo cient\u00edfico y\u00a0 social de la regi\u00f3n de Atacama y del pa\u00eds.<\/p>\n<p>&nbsp;<\/p>\n<div class=\"et_pb_text_inner\"><\/div>\n<p>[\/et_pb_text][\/et_pb_column][\/et_pb_row][\/et_pb_section]<\/p>\n","protected":false},"excerpt":{"rendered":"<p>[et_pb_section fb_built=&#8221;1&#8243; admin_label=&#8221;About&#8221; _builder_version=&#8221;3.4.1&#8243; custom_padding=&#8221;25px|0px|40px|0px|false|false&#8221;][et_pb_row use_custom_gutter=&#8221;on&#8221; gutter_width=&#8221;0&#8243; custom_padding=&#8221;27px|0px|0|0px|false|false&#8221; custom_margin=&#8221;|||&#8221; _builder_version=&#8221;3.4.1&#8243;][et_pb_column type=&#8221;1_2&#8243; _builder_version=&#8221;3.0.47&#8243; parallax=&#8221;off&#8221; parallax_method=&#8221;on&#8221;][et_pb_text _builder_version=&#8221;3.4.1&#8243; header_2_font=&#8221;Merriweather|700|||||||&#8221; header_2_font_size=&#8221;40px&#8221; header_2_line_height=&#8221;1.3em&#8221; custom_margin=&#8221;|||&#8221; custom_padding=&#8221;|||&#8221;] Ergonom\u00eda Misi\u00f3n y Visi\u00f3n [\/et_pb_text][et_pb_divider color=&#8221;#fda128&#8243; divider_position=&#8221;center&#8221; divider_weight=&#8221;3px&#8221; _builder_version=&#8221;3.4.1&#8243; max_width=&#8221;90px&#8221; max_width_tablet=&#8221;13%&#8221; max_width_last_edited=&#8221;off|desktop&#8221; custom_margin=&#8221;5px|||&#8221; custom_padding=&#8221;|||&#8221;]&nbsp;[\/et_pb_divider][\/et_pb_column][et_pb_column type=&#8221;1_2&#8243; _builder_version=&#8221;3.0.47&#8243; parallax=&#8221;off&#8221; parallax_method=&#8221;on&#8221;][\/et_pb_column][\/et_pb_row][et_pb_row custom_padding=&#8221;30px|0px|44px|0px|false|false&#8221; _builder_version=&#8221;3.19.1&#8243;][et_pb_column type=&#8221;4_4&#8243; _builder_version=&#8221;3.0.47&#8243; parallax=&#8221;off&#8221; parallax_method=&#8221;on&#8221;][et_pb_text admin_label=&#8221;description&#8221; _builder_version=&#8221;3.11.1&#8243; text_line_height=&#8221;1.8em&#8221; text_orientation=&#8221;justified&#8221; max_width_tablet=&#8221;89%&#8221; max_width_phone=&#8221;97%&#8221; max_width_last_edited=&#8221;off|desktop&#8221; custom_margin=&#8221;30px|||&#8221; custom_padding=&#8221;|||&#8221; inline_fonts=&#8221;Acme,Akronim&#8221;] Misi\u00f3n [&hellip;]<\/p>\n","protected":false},"author":3,"featured_media":0,"parent":0,"menu_order":0,"comment_status":"closed","ping_status":"closed","template":"","meta":{"_et_pb_use_builder":"on","_et_pb_old_content":""},"_links":{"self":[{"href":"https:\/\/salud.uda.cl\/ergonomia\/wp-json\/wp\/v2\/pages\/825"}],"collection":[{"href":"https:\/\/salud.uda.cl\/ergonomia\/wp-json\/wp\/v2\/pages"}],"about":[{"href":"https:\/\/salud.uda.cl\/ergonomia\/wp-json\/wp\/v2\/types\/page"}],"author":[{"embeddable":true,"href":"https:\/\/salud.uda.cl\/ergonomia\/wp-json\/wp\/v2\/users\/3"}],"replies":[{"embeddable":true,"href":"https:\/\/salud.uda.cl\/ergonomia\/wp-json\/wp\/v2\/comments?post=825"}],"version-history":[{"count":5,"href":"https:\/\/salud.uda.cl\/ergonomia\/wp-json\/wp\/v2\/pages\/825\/revisions"}],"predecessor-version":[{"id":1931,"href":"https:\/\/salud.uda.cl\/ergonomia\/wp-json\/wp\/v2\/pages\/825\/revisions\/1931"}],"wp:attachment":[{"href":"https:\/\/salud.uda.cl\/ergonomia\/wp-json\/wp\/v2\/media?parent=825"}],"curies":[{"name":"wp","href":"https:\/\/api.w.org\/{rel}","templated":true}]}}