{"id":60,"date":"2018-05-29T17:02:50","date_gmt":"2018-05-29T17:02:50","guid":{"rendered":"http:\/\/localhost\/medicina\/?page_id=60"},"modified":"2019-09-25T16:14:30","modified_gmt":"2019-09-25T19:14:30","slug":"valores","status":"publish","type":"page","link":"https:\/\/salud.uda.cl\/ergonomia\/valores\/","title":{"rendered":"Objetivos"},"content":{"rendered":"<p>[et_pb_section fb_built=&#8221;1&#8243; admin_label=&#8221;About&#8221; _builder_version=&#8221;3.4.1&#8243; custom_padding=&#8221;25px|0px|0|0px|false|false&#8221;][et_pb_row use_custom_gutter=&#8221;on&#8221; gutter_width=&#8221;0&#8243; custom_padding=&#8221;27px|0px|0|0px|false|false&#8221; custom_margin=&#8221;|||&#8221; _builder_version=&#8221;3.4.1&#8243;][et_pb_column type=&#8221;1_2&#8243; _builder_version=&#8221;3.0.47&#8243; parallax=&#8221;off&#8221; parallax_method=&#8221;on&#8221;][et_pb_text _builder_version=&#8221;3.4.1&#8243; header_2_font=&#8221;Merriweather|700|||||||&#8221; header_2_font_size=&#8221;40px&#8221; header_2_line_height=&#8221;1.3em&#8221; custom_margin=&#8221;|||&#8221; custom_padding=&#8221;|||&#8221;]<\/p>\n<h3>Ergonomia <span style=\"color: #fda128;\">Objetivos<\/span><\/h3>\n<p>[\/et_pb_text][et_pb_divider color=&#8221;#fda128&#8243; divider_position=&#8221;center&#8221; divider_weight=&#8221;3px&#8221; _builder_version=&#8221;3.4.1&#8243; max_width=&#8221;90px&#8221; max_width_tablet=&#8221;13%&#8221; max_width_last_edited=&#8221;off|desktop&#8221; custom_margin=&#8221;5px|||&#8221; custom_padding=&#8221;|||&#8221;]&nbsp;[\/et_pb_divider][\/et_pb_column][et_pb_column type=&#8221;1_2&#8243; _builder_version=&#8221;3.0.47&#8243; parallax=&#8221;off&#8221; parallax_method=&#8221;on&#8221;][\/et_pb_column][\/et_pb_row][et_pb_row custom_padding=&#8221;5px|0px|0|0px|false|false&#8221; _builder_version=&#8221;3.4.1&#8243;][et_pb_column type=&#8221;4_4&#8243; _builder_version=&#8221;3.0.47&#8243; parallax=&#8221;off&#8221; parallax_method=&#8221;on&#8221;][et_pb_text admin_label=&#8221;description&#8221; _builder_version=&#8221;3.19.1&#8243; text_line_height=&#8221;1.8em&#8221; text_orientation=&#8221;justified&#8221; max_width_tablet=&#8221;89%&#8221; max_width_phone=&#8221;97%&#8221; max_width_last_edited=&#8221;off|desktop&#8221; custom_margin=&#8221;30px|||&#8221; custom_padding=&#8221;|||&#8221;]<\/p>\n<p><em style=\"font-size: 14px;\"><span style=\"font-size: 14px;\">Generar conocimiento cient\u00edfico de alta calidad, en ergonom\u00eda por medio de la investigaci\u00f3n avanzada aplicada a los contextos de trabajo masculinizados, feminizados y mixtos, en diferentes sectores productivos y de servicio, realizando formaci\u00f3n de post\u00edtulo y postgrado en ergonom\u00eda, colaborando con instituciones p\u00fablicas y privadas en la transmisi\u00f3n de conocimientos. As\u00ed como tambi\u00e9n aportando a difundir y publicar los resultados de investigaciones aplicadas en los medios m\u00e1s pertinentes.<\/span><\/em><\/p>\n<p><span style=\"font-size: large; color: #e09900;\">Funciones<\/span><\/p>\n<p><span style=\"font-size: large; color: #e09900;\"><\/span><\/p>\n<ol>\n<li><em>Desarrollar Investigaci\u00f3n Aplicada de alto nivel de primera l\u00ednea en ergonom\u00eda de la actividad en sectores de trabajo masculinizados, feminizados y mixtos.<\/em><\/li>\n<li><em>Proponer y ejecutar proyectos de investigaci\u00f3n en los diversos contextos de trabajos\u00a0<\/em><\/li>\n<li><em>Publicar y divulgar art\u00edculos cient\u00edficos de primera y segunda l\u00ednea y resultados de investigaciones en diversas plataformas<\/em><\/li>\n<li><em>Elaborar cursos de formaci\u00f3n dirigidos a diferentes actores que desempe\u00f1an un rol dentro de la Salud Ocupacional<\/em><\/li>\n<li><em>Desarrollar formaciones en ergonom\u00eda de post\u00edtulo y de postgrado, as\u00ed como cursos de formaci\u00f3n dirigido a diferentes actores en Salud del Trabajo, profesionales de SST de empresas, trabajadores organizados, Comit\u00e9s Paritarios.<\/em><\/li>\n<li><em>Vincularse con organismos nacionales e internacionales para la generaci\u00f3n de conocimientos en ergonom\u00eda y la transferencia de conocimientos.\u00a0<\/em><\/li>\n<li><em>Vincularse con distintas instituciones p\u00fablicas, privadas, acad\u00e9micas y no gubernamentales a nivel nacional, latinoamericano e internacional con experiencia en el \u00e1mbito de g\u00e9nero y en salud del trabajo.<\/em><\/li>\n<li><em>Proporcionar asesor\u00eda cient\u00edfico-t\u00e9cnica en el \u00e1mbito de la ergonom\u00eda, intervenci\u00f3n ergon\u00f3mica y en Salud del Trabajo<\/em><\/li>\n<li><em>Realizar actividades que posicionen a la ergonom\u00eda de la Universidad de Atacama en la tem\u00e1tica y equidad de g\u00e9nero en la salud y seguridad en el trabajo.<\/em><em><\/em><em><\/em><\/li>\n<li><em><span><\/span><\/em><\/li>\n<li><em><span><\/span><\/em><\/li>\n<\/ol>\n<p>[\/et_pb_text][et_pb_image src=&#8221;http:\/\/www.salud.uda.cl:8080\/ergonomia\/wp-content\/uploads\/2019\/01\/DSC0290.jpg&#8221; align=&#8221;center&#8221; _builder_version=&#8221;3.19.1&#8243; box_shadow_style=&#8221;preset1&#8243; custom_margin=&#8221;60px|||&#8221;][\/et_pb_image][\/et_pb_column][\/et_pb_row][\/et_pb_section]<\/p>\n","protected":false},"excerpt":{"rendered":"<p>[et_pb_section fb_built=&#8221;1&#8243; admin_label=&#8221;About&#8221; _builder_version=&#8221;3.4.1&#8243; custom_padding=&#8221;25px|0px|0|0px|false|false&#8221;][et_pb_row use_custom_gutter=&#8221;on&#8221; gutter_width=&#8221;0&#8243; custom_padding=&#8221;27px|0px|0|0px|false|false&#8221; custom_margin=&#8221;|||&#8221; _builder_version=&#8221;3.4.1&#8243;][et_pb_column type=&#8221;1_2&#8243; _builder_version=&#8221;3.0.47&#8243; parallax=&#8221;off&#8221; parallax_method=&#8221;on&#8221;][et_pb_text _builder_version=&#8221;3.4.1&#8243; header_2_font=&#8221;Merriweather|700|||||||&#8221; header_2_font_size=&#8221;40px&#8221; header_2_line_height=&#8221;1.3em&#8221; custom_margin=&#8221;|||&#8221; custom_padding=&#8221;|||&#8221;] Ergonomia Objetivos [\/et_pb_text][et_pb_divider color=&#8221;#fda128&#8243; divider_position=&#8221;center&#8221; divider_weight=&#8221;3px&#8221; _builder_version=&#8221;3.4.1&#8243; max_width=&#8221;90px&#8221; max_width_tablet=&#8221;13%&#8221; max_width_last_edited=&#8221;off|desktop&#8221; custom_margin=&#8221;5px|||&#8221; custom_padding=&#8221;|||&#8221;]&nbsp;[\/et_pb_divider][\/et_pb_column][et_pb_column type=&#8221;1_2&#8243; _builder_version=&#8221;3.0.47&#8243; parallax=&#8221;off&#8221; parallax_method=&#8221;on&#8221;][\/et_pb_column][\/et_pb_row][et_pb_row custom_padding=&#8221;5px|0px|0|0px|false|false&#8221; _builder_version=&#8221;3.4.1&#8243;][et_pb_column type=&#8221;4_4&#8243; _builder_version=&#8221;3.0.47&#8243; parallax=&#8221;off&#8221; parallax_method=&#8221;on&#8221;][et_pb_text admin_label=&#8221;description&#8221; _builder_version=&#8221;3.19.1&#8243; text_line_height=&#8221;1.8em&#8221; text_orientation=&#8221;justified&#8221; max_width_tablet=&#8221;89%&#8221; max_width_phone=&#8221;97%&#8221; max_width_last_edited=&#8221;off|desktop&#8221; custom_margin=&#8221;30px|||&#8221; custom_padding=&#8221;|||&#8221;] Generar conocimiento cient\u00edfico de [&hellip;]<\/p>\n","protected":false},"author":3,"featured_media":0,"parent":0,"menu_order":0,"comment_status":"closed","ping_status":"closed","template":"","meta":{"_et_pb_use_builder":"on","_et_pb_old_content":""},"_links":{"self":[{"href":"https:\/\/salud.uda.cl\/ergonomia\/wp-json\/wp\/v2\/pages\/60"}],"collection":[{"href":"https:\/\/salud.uda.cl\/ergonomia\/wp-json\/wp\/v2\/pages"}],"about":[{"href":"https:\/\/salud.uda.cl\/ergonomia\/wp-json\/wp\/v2\/types\/page"}],"author":[{"embeddable":true,"href":"https:\/\/salud.uda.cl\/ergonomia\/wp-json\/wp\/v2\/users\/3"}],"replies":[{"embeddable":true,"href":"https:\/\/salud.uda.cl\/ergonomia\/wp-json\/wp\/v2\/comments?post=60"}],"version-history":[{"count":8,"href":"https:\/\/salud.uda.cl\/ergonomia\/wp-json\/wp\/v2\/pages\/60\/revisions"}],"predecessor-version":[{"id":2271,"href":"https:\/\/salud.uda.cl\/ergonomia\/wp-json\/wp\/v2\/pages\/60\/revisions\/2271"}],"wp:attachment":[{"href":"https:\/\/salud.uda.cl\/ergonomia\/wp-json\/wp\/v2\/media?parent=60"}],"curies":[{"name":"wp","href":"https:\/\/api.w.org\/{rel}","templated":true}]}}