{"id":25,"date":"2018-05-29T15:45:22","date_gmt":"2018-05-29T15:45:22","guid":{"rendered":"http:\/\/localhost\/medicina\/?page_id=25"},"modified":"2024-05-09T19:07:14","modified_gmt":"2024-05-09T22:07:14","slug":"principal","status":"publish","type":"page","link":"https:\/\/salud.uda.cl\/ergonomia\/","title":{"rendered":"Principal"},"content":{"rendered":"<p>[et_pb_section fb_built=&#8221;1&#8243; custom_padding_last_edited=&#8221;on|tablet&#8221; _builder_version=&#8221;3.15&#8243; custom_padding=&#8221;30px|0px|14px|0px|false|false&#8221; custom_padding_tablet=&#8221;30px|0px|20px|0px&#8221;][et_pb_row custom_padding=&#8221;0|0px|7px|0|false|false&#8221; _builder_version=&#8221;3.15&#8243;][et_pb_column type=&#8221;4_4&#8243; _builder_version=&#8221;3.0.47&#8243; parallax=&#8221;off&#8221; parallax_method=&#8221;on&#8221;][et_pb_slider admin_label=&#8221;Banners&#8221; _builder_version=&#8221;3.19.1&#8243; border_width_all=&#8221;2&#8243; border_color_all=&#8221;#ffffff&#8221; auto=&#8221;on&#8221; custom_css_main_element=&#8221;box-shadow: 0px 1px 18px rgba(23, 23, 23, 0.17);|| -moz-box-shadow: 0px 1px 18px rgba(23, 23, 23, 0.17);|| -webkit-box-shadow: 0px 1px 18px rgba(23, 23, 23, 0.17);&#8221; custom_css_slide_button=&#8221;font-size: 0px;||background-color: rgba(0, 0, 0, 0.0) !important;||top: -1000px;||right: -1000px;||height: 5000px;||width: 5000px;||position: absolute;&#8221; button_text_size__hover_enabled=&#8221;off&#8221; button_one_text_size__hover_enabled=&#8221;off&#8221; button_two_text_size__hover_enabled=&#8221;off&#8221; button_text_color__hover_enabled=&#8221;off&#8221; button_one_text_color__hover_enabled=&#8221;off&#8221; button_two_text_color__hover_enabled=&#8221;off&#8221; button_border_width__hover_enabled=&#8221;off&#8221; button_one_border_width__hover_enabled=&#8221;off&#8221; button_two_border_width__hover_enabled=&#8221;off&#8221; button_border_color__hover_enabled=&#8221;off&#8221; button_one_border_color__hover_enabled=&#8221;off&#8221; button_two_border_color__hover_enabled=&#8221;off&#8221; button_border_radius__hover_enabled=&#8221;off&#8221; button_one_border_radius__hover_enabled=&#8221;off&#8221; button_two_border_radius__hover_enabled=&#8221;off&#8221; button_letter_spacing__hover_enabled=&#8221;off&#8221; button_one_letter_spacing__hover_enabled=&#8221;off&#8221; button_two_letter_spacing__hover_enabled=&#8221;off&#8221; button_bg_color__hover_enabled=&#8221;off&#8221; button_one_bg_color__hover_enabled=&#8221;off&#8221; button_two_bg_color__hover_enabled=&#8221;off&#8221;][et_pb_slide button_link=&#8221;https:\/\/es.research.net\/r\/DIPLOERGOUDA2022&#8243; _builder_version=&#8221;3.19.1&#8243; background_image=&#8221;http:\/\/www.salud.uda.cl\/ergonomia\/wp-content\/uploads\/2022\/05\/bannerweb-diploergo22-1.png&#8221; link_option_url=&#8221;https:\/\/es.research.net\/r\/DIPLOERGOUDA2022&#8243;][\/et_pb_slide][et_pb_slide button_text=&#8221;Click Here&#8221; _builder_version=&#8221;3.19.1&#8243; background_image=&#8221;http:\/\/www.salud.uda.cl\/ergonomia\/wp-content\/uploads\/2021\/10\/proyecto-suseso-2.png&#8221;][\/et_pb_slide][et_pb_slide button_text=&#8221;Click Here&#8221; _builder_version=&#8221;3.19.1&#8243; background_image=&#8221;http:\/\/www.salud.uda.cl\/ergonomia\/wp-content\/uploads\/2019\/01\/image9.png&#8221;][\/et_pb_slide][et_pb_slide _builder_version=&#8221;3.19.1&#8243; background_image=&#8221;http:\/\/www.salud.uda.cl\/ergonomia\/wp-content\/uploads\/2019\/01\/Imagen1.jpg&#8221;][\/et_pb_slide][et_pb_slide _builder_version=&#8221;3.19.1&#8243; background_image=&#8221;http:\/\/www.salud.uda.cl\/ergonomia\/wp-content\/uploads\/2019\/01\/Inticu.png&#8221;][\/et_pb_slide][et_pb_slide button_text=&#8221;Click Here&#8221; _builder_version=&#8221;3.19.1&#8243; background_image=&#8221;http:\/\/www.salud.uda.cl\/ergonomia\/wp-content\/uploads\/2019\/01\/DSC0283.jpg&#8221;][\/et_pb_slide][et_pb_slide button_text=&#8221;Click Here&#8221; _builder_version=&#8221;3.19.1&#8243; background_image=&#8221;http:\/\/www.salud.uda.cl\/ergonomia\/wp-content\/uploads\/2019\/01\/20181204_153707.jpg&#8221;][\/et_pb_slide][et_pb_slide button_text=&#8221;Click Here&#8221; _builder_version=&#8221;3.19.1&#8243; background_image=&#8221;http:\/\/www.salud.uda.cl\/ergonomia\/wp-content\/uploads\/2019\/01\/DSC0171-1.jpg&#8221;][\/et_pb_slide][et_pb_slide button_text=&#8221;Click Here&#8221; _builder_version=&#8221;3.19.1&#8243; background_image=&#8221;http:\/\/www.salud.uda.cl\/ergonomia\/wp-content\/uploads\/2019\/04\/1315084_1.jpg&#8221;][\/et_pb_slide][\/et_pb_slider][\/et_pb_column][\/et_pb_row][\/et_pb_section][et_pb_section fb_built=&#8221;1&#8243; _builder_version=&#8221;3.19.1&#8243; custom_padding=&#8221;35px|0px|0|0px|false|false&#8221;][\/et_pb_section][et_pb_section fb_built=&#8221;1&#8243; _builder_version=&#8221;3.19.1&#8243; custom_padding=&#8221;17px|0px|54px|0px|false|false&#8221;][et_pb_row custom_padding=&#8221;0|0px|0|0px|true|false&#8221; _builder_version=&#8221;3.19.1&#8243; animation_style=&#8221;roll&#8221;][et_pb_column type=&#8221;4_4&#8243; _builder_version=&#8221;3.19.1&#8243; parallax=&#8221;off&#8221; parallax_method=&#8221;on&#8221;][et_pb_text _builder_version=&#8221;3.19.1&#8243; header_font=&#8221;||||||||&#8221; header_text_shadow_style=&#8221;preset1&#8243; background_color=&#8221;#000000&#8243; border_width_all=&#8221;3px&#8221; border_color_all=&#8221;#7cda24&#8243; animation_style=&#8221;fade&#8221; link_option_url=&#8221;https:\/\/docs.google.com\/forms\/d\/1qHVf9rTj9dU6fchIa4YgsUhm8nXtNoCBfhseaOLRQK8\/edit&#8221; inline_fonts=&#8221;ABeeZee,Verdana&#8221;]<\/p>\n<p style=\"text-align: center;\"><span style=\"font-size: xx-large; font-family: Verdana; font-weight: normal;\"><strong><span style=\"color: #e09900;\"><\/span><\/strong><\/span><\/p>\n<p style=\"text-align: center;\"><span style=\"font-size: xx-large; color: #ffffff;\"><a href=\"http:\/\/www.salud.uda.cl\/ergonomia\/?page_id=2350&amp;et_fb=1\" title=\"Info Covid-19 SST\" style=\"color: #ffffff;\"><span style=\"font-family: Verdana; font-weight: normal;\"><strong>Informaci\u00f3n sobre Salud y Seguridad en el Trabajo en contexto de COVID-19\u00a0<\/strong><\/span><\/a><\/span><\/p>\n<p style=\"text-align: center;\">[\/et_pb_text][\/et_pb_column][\/et_pb_row][\/et_pb_section][et_pb_section fb_built=&#8221;1&#8243; admin_label=&#8221;Blog&#8221; _builder_version=&#8221;3.11.1&#8243; custom_margin=&#8221;|||&#8221; custom_padding=&#8221;2px|0|2px|0|true|false&#8221;][et_pb_row _builder_version=&#8221;3.19.1&#8243;][et_pb_column type=&#8221;1_3&#8243; _builder_version=&#8221;3.19.1&#8243; parallax=&#8221;off&#8221; parallax_method=&#8221;on&#8221;][et_pb_text _builder_version=&#8221;3.19.1&#8243;]<\/p>\n<p><strong><span style=\"color: #ff6600;\">Columna de Opinion<\/span><\/strong><\/p>\n<p>[\/et_pb_text][et_pb_blog fullwidth=&#8221;off&#8221; posts_number=&#8221;1&#8243; include_categories=&#8221;2&#8243; show_author=&#8221;off&#8221; show_date=&#8221;off&#8221; show_categories=&#8221;off&#8221; _builder_version=&#8221;3.19.1&#8243; header_level=&#8221;h4&#8243; header_font=&#8221;Montserrat||||||||&#8221; header_font_size=&#8221;16px&#8221; header_line_height=&#8221;1.5em&#8221; body_font=&#8221;Montserrat|300|||||||&#8221; body_line_height=&#8221;2em&#8221; meta_font=&#8221;Montserrat|300|||||||&#8221; pagination_font=&#8221;Montserrat||||||||&#8221; pagination_text_color=&#8221;#364d5a&#8221; pagination_font_size=&#8221;16px&#8221; pagination_line_height=&#8221;2em&#8221; border_radii=&#8221;|50px||50px|&#8221; box_shadow_style=&#8221;preset3&#8243; box_shadow_vertical=&#8221;30px&#8221; box_shadow_blur=&#8221;55px&#8221; box_shadow_color=&#8221;rgba(0,0,0,0.1)&#8221; animation_style=&#8221;fold&#8221;]&nbsp;[\/et_pb_blog][\/et_pb_column][et_pb_column type=&#8221;1_3&#8243; _builder_version=&#8221;3.19.1&#8243; parallax=&#8221;off&#8221; parallax_method=&#8221;on&#8221;][et_pb_code _builder_version=&#8221;3.19.1&#8243;]<iframe loading=\"lazy\" width=\"560\" height=\"315\" src=\"https:\/\/www.youtube.com\/embed\/Zl4e6wtjjsU\" frameborder=\"0\" allow=\"accelerometer; autoplay; encrypted-media; gyroscope; picture-in-picture\" allowfullscreen><\/iframe>[\/et_pb_code][et_pb_text _builder_version=&#8221;3.19.1&#8243;]<\/p>\n<p><strong><span style=\"font-size: large;\">Al suscribirte \u00a0a nuestro canal de <span style=\"color: #e02b20;\">Youtube<\/span>\u00a0de\u00a0<span style=\"color: #000000;\">Ergonom\u00eda Universidad de Atacama:\u00a0<\/span><\/span><a href=\"https:\/\/www.youtube.com\/channel\/UCwvCHFXxnbo1vH2_h-OEXWA\"><\/a><\/strong><\/p>\n<ul>\n<li><strong>Podr\u00e1s acceder a temas de ergonom\u00eda, sobre intervenci\u00f3n ergon\u00f3mica y acerca de los fundamentos de esta disciplina.<\/strong><\/li>\n<\/ul>\n<p><span style=\"font-size: 14px;\"><\/span><\/p>\n<p>[\/et_pb_text][\/et_pb_column][et_pb_column type=&#8221;1_3&#8243; _builder_version=&#8221;3.19.1&#8243; parallax=&#8221;off&#8221; parallax_method=&#8221;on&#8221;][et_pb_team_member name=&#8221;Bienvenidos a la plataforma Virtual de Entorno de Aprendizaje de la UDA.&#8221; image_url=&#8221;http:\/\/www.salud.uda.cl\/ergonomia\/wp-content\/uploads\/2019\/11\/bt-mdl.png&#8221; _builder_version=&#8221;3.19.1&#8243; link_option_url=&#8221;http:\/\/www.moodle.uda.cl\/&#8221;]<\/p>\n<div id=\"newscontent\">\n<ul>\n<li id=\"news\">En esta plataforma Moodle Institucional podr\u00e1s encontrar el curso online de tu curso presencial.<\/li>\n<li>Revisa el material de las asignaturas que el profesor te proporciona.<\/li>\n<li>Utiliza el chat para comunicarte con tus compa\u00f1eros y profesor.<\/li>\n<\/ul>\n<p>Manual Orientaci\u00f3n de Ingreso\u00a0\u00a0<a href=\"http:\/\/www.salud.uda.cl\/ergonomia\/wp-content\/uploads\/2023\/07\/MANUAL-ORIENTACIN-DE-INGRESO-MOODLE-2020.pdf\">Descargar<\/a><\/p>\n<\/div>\n<div id=\"controls\">\n<div id=\"controls\">\n<div id=\"controls\"><\/div>\n<\/div>\n<\/div>\n<p>[\/et_pb_team_member][\/et_pb_column][\/et_pb_row][et_pb_row custom_padding=&#8221;95px|0px|34px|0|false|false&#8221; custom_padding_tablet=&#8221;0px|0px|27px|0px&#8221; custom_margin=&#8221;|||&#8221; custom_padding_last_edited=&#8221;on|tablet&#8221; _builder_version=&#8221;3.9&#8243; background_size=&#8221;initial&#8221; background_position=&#8221;top_left&#8221; background_repeat=&#8221;repeat&#8221;][et_pb_column type=&#8221;1_3&#8243; _builder_version=&#8221;3.0.47&#8243; parallax=&#8221;off&#8221; parallax_method=&#8221;on&#8221;][et_pb_blurb title=&#8221;Historia de la Ergonom\u00eda&#8221; url=&#8221;\/ergonomia\/Historia&#8221; url_new_window=&#8221;on&#8221; use_icon=&#8221;on&#8221; font_icon=&#8221;%%167%%&#8221; icon_color=&#8221;#ffffff&#8221; use_circle=&#8221;on&#8221; use_icon_font_size=&#8221;on&#8221; icon_font_size=&#8221;26px&#8221; module_class=&#8221;blurb-1&#8243; _builder_version=&#8221;3.19.1&#8243; header_font=&#8221;Montserrat|500|||||||&#8221; header_text_align=&#8221;center&#8221; header_text_color=&#8221;#364d5a&#8221; header_line_height=&#8221;1.8em&#8221; body_font=&#8221;Montserrat|500|||||||&#8221; body_text_align=&#8221;center&#8221; body_line_height=&#8221;1.8em&#8221; background_color=&#8221;#ffffff&#8221; border_radii=&#8221;on|0px|0px|0px|0px&#8221; custom_margin=&#8221;-100px|||&#8221; custom_margin_tablet=&#8221;0px|||&#8221; custom_margin_last_edited=&#8221;on|desktop&#8221; custom_padding=&#8221;40px|40px|40px|40px&#8221; animation_direction=&#8221;bottom&#8221; animation=&#8221;off&#8221; link_option_url=&#8221;\/ergonomia\/Historia&#8221; custom_css_main_element=&#8221;box-shadow: 0px 1px 18px rgba(23, 23, 23, 0.17);|| -moz-box-shadow: 0px 1px 18px rgba(23, 23, 23, 0.17);|| -webkit-box-shadow: 0px 1px 18px rgba(23, 23, 23, 0.17);||||outline: solid 1px #364d5a;|| outline-offset: -10px;||&#8221;]<\/p>\n<p><a href=\"\/Historia\">Leer<\/a><\/p>\n<p>[\/et_pb_blurb][\/et_pb_column][et_pb_column type=&#8221;1_3&#8243; _builder_version=&#8221;3.0.47&#8243; parallax=&#8221;off&#8221; parallax_method=&#8221;on&#8221;][et_pb_blurb title=&#8221;\u00bfQu\u00e9 es Ergonom\u00eda?&#8221; use_icon=&#8221;on&#8221; font_icon=&#8221;%%220%%&#8221; icon_color=&#8221;#ffffff&#8221; use_circle=&#8221;on&#8221; use_icon_font_size=&#8221;on&#8221; icon_font_size=&#8221;26px&#8221; module_class=&#8221;blurb-1&#8243; _builder_version=&#8221;3.19.1&#8243; header_font=&#8221;Montserrat|500|||||||&#8221; header_text_align=&#8221;center&#8221; header_text_color=&#8221;#364d5a&#8221; header_line_height=&#8221;1.8em&#8221; body_font=&#8221;Montserrat|500|||||||&#8221; body_text_align=&#8221;center&#8221; body_line_height=&#8221;1.8em&#8221; background_color=&#8221;#ffffff&#8221; border_radii=&#8221;on|0px|0px|0px|0px&#8221; custom_margin=&#8221;-100px|||&#8221; custom_margin_tablet=&#8221;0px|||&#8221; custom_margin_last_edited=&#8221;on|desktop&#8221; custom_padding=&#8221;40px|40px|40px|40px&#8221; animation_direction=&#8221;bottom&#8221; animation=&#8221;off&#8221; link_option_url=&#8221;\/ergonomia\/que-es-ergonomia&#8221; custom_css_main_element=&#8221;box-shadow: 0px 1px 18px rgba(23, 23, 23, 0.17);|| -moz-box-shadow: 0px 1px 18px rgba(23, 23, 23, 0.17);|| -webkit-box-shadow: 0px 1px 18px rgba(23, 23, 23, 0.17);||||outline: solid 1px #364d5a;|| outline-offset: -10px;&#8221;]<\/p>\n<p><a href=\"ergonomia\/que-es-ergonomia\">Leer<\/a><\/p>\n<p>[\/et_pb_blurb][\/et_pb_column][et_pb_column type=&#8221;1_3&#8243; _builder_version=&#8221;3.0.47&#8243; parallax=&#8221;off&#8221; parallax_method=&#8221;on&#8221;][et_pb_blurb title=&#8221;Diplomado de Ergonom\u00eda v2 CERRADO&#8221; use_icon=&#8221;on&#8221; font_icon=&#8221;%%124%%&#8221; icon_color=&#8221;#ffffff&#8221; use_circle=&#8221;on&#8221; use_icon_font_size=&#8221;on&#8221; icon_font_size=&#8221;26px&#8221; module_class=&#8221;blurb-1&#8243; _builder_version=&#8221;3.19.1&#8243; header_font=&#8221;Montserrat|500|||||||&#8221; header_text_align=&#8221;center&#8221; header_text_color=&#8221;#364d5a&#8221; header_line_height=&#8221;1.8em&#8221; body_font=&#8221;Montserrat|500|||||||&#8221; body_text_align=&#8221;center&#8221; body_line_height=&#8221;1.8em&#8221; background_color=&#8221;#ffffff&#8221; border_radii=&#8221;on|0px|0px|0px|0px&#8221; custom_margin=&#8221;-100px|||&#8221; custom_margin_tablet=&#8221;0px|||&#8221; custom_margin_last_edited=&#8221;on|phone&#8221; custom_padding=&#8221;40px|40px|40px|40px&#8221; animation_direction=&#8221;bottom&#8221; animation=&#8221;off&#8221; custom_css_main_element=&#8221;box-shadow: 0px 1px 18px rgba(23, 23, 23, 0.17);|| -moz-box-shadow: 0px 1px 18px rgba(23, 23, 23, 0.17);|| -webkit-box-shadow: 0px 1px 18px rgba(23, 23, 23, 0.17);||||outline: solid 1px #364d5a;|| outline-offset: -10px;&#8221;]<\/p>\n<p>Ver<\/p>\n<p>[\/et_pb_blurb][\/et_pb_column][\/et_pb_row][et_pb_row custom_padding=&#8221;0|0px|27px|0px|false|false&#8221; custom_margin=&#8221;5px|||&#8221; _builder_version=&#8221;3.4.1&#8243;][et_pb_column type=&#8221;4_4&#8243; _builder_version=&#8221;3.0.47&#8243; parallax=&#8221;off&#8221; parallax_method=&#8221;on&#8221;][et_pb_text _builder_version=&#8221;3.11.1&#8243; background_image=&#8221;http:\/\/www.medicina.uda.cl\/wp-content\/uploads\/2018\/05\/medicina_noticias.png&#8221; background_size=&#8221;initial&#8221; background_position=&#8221;center_left&#8221; custom_margin=&#8221;||2px|&#8221; custom_padding=&#8221;18px||10px|60px&#8221;]<\/p>\n<h2><span style=\"color: #333333;\">Noticias<\/span><\/h2>\n<p>[\/et_pb_text][et_pb_divider color=&#8221;#cccccc&#8221; _builder_version=&#8221;3.19.1&#8243;]&nbsp;[\/et_pb_divider][et_pb_blog fullwidth=&#8221;off&#8221; posts_number=&#8221;6&#8243; include_categories=&#8221;1&#8243; show_author=&#8221;off&#8221; show_date=&#8221;off&#8221; show_categories=&#8221;off&#8221; _builder_version=&#8221;3.19.1&#8243; header_level=&#8221;h4&#8243; header_font=&#8221;Montserrat||||||||&#8221; header_font_size=&#8221;16px&#8221; header_line_height=&#8221;1.5em&#8221; body_font=&#8221;Montserrat|300|||||||&#8221; body_line_height=&#8221;2em&#8221; meta_font=&#8221;Montserrat|300|||||||&#8221; pagination_font=&#8221;Montserrat||||||||&#8221; pagination_text_color=&#8221;#364d5a&#8221; pagination_font_size=&#8221;16px&#8221; pagination_line_height=&#8221;2em&#8221; border_radii=&#8221;|50px||50px|&#8221; box_shadow_style=&#8221;preset3&#8243; box_shadow_vertical=&#8221;30px&#8221; box_shadow_blur=&#8221;55px&#8221; box_shadow_color=&#8221;rgba(0,0,0,0.1)&#8221; animation_style=&#8221;fold&#8221;]&nbsp;[\/et_pb_blog][et_pb_button button_url=&#8221;\/ergonomia\/malla\/&#8221; button_text=&#8221;Actividades de vinculaci\u00f3n y extensi\u00f3n acad\u00e9mica&#8221; _builder_version=&#8221;3.19.1&#8243;][\/et_pb_button][\/et_pb_column][\/et_pb_row][\/et_pb_section][et_pb_section fb_built=&#8221;1&#8243; admin_label=&#8221;Actividades de vinculaci\u00f3n y extensi\u00f3n acad\u00e9mica&#8221; _builder_version=&#8221;3.19.1&#8243; custom_padding=&#8221;12px|0px|30px|0px|false|false&#8221; link_option_url_new_window=&#8221;on&#8221;][et_pb_row custom_padding=&#8221;2px|0px|8px|0px|false|false&#8221; _builder_version=&#8221;3.19.1&#8243; background_color=&#8221;#e09900&#8243; use_background_color_gradient=&#8221;on&#8221; background_color_gradient_start=&#8221;#ffffff&#8221; background_color_gradient_end=&#8221;#ffffff&#8221; border_color_all=&#8221;#e09900&#8243; animation_style=&#8221;flip&#8221;][et_pb_column type=&#8221;4_4&#8243; _builder_version=&#8221;3.19.1&#8243; parallax=&#8221;off&#8221; parallax_method=&#8221;on&#8221;][et_pb_button button_url=&#8221;\/ergonomia\/1510-2\/&#8221; button_text=&#8221;Lecturas recomendadas&#8221; _builder_version=&#8221;3.19.1&#8243; custom_button=&#8221;on&#8221; button_text_color=&#8221;#e09900&#8243; button_font=&#8221;||||||||&#8221;][\/et_pb_button][\/et_pb_column][\/et_pb_row][\/et_pb_section][et_pb_section fb_built=&#8221;1&#8243; _builder_version=&#8221;3.19.1&#8243; custom_padding=&#8221;4px|0px|54px|0px|false|false&#8221;][\/et_pb_section][et_pb_section fb_built=&#8221;1&#8243; _builder_version=&#8221;3.4.1&#8243; background_color=&#8221;rgba(12,12,12,0.02)&#8221; border_radii=&#8221;|0px||0px|0px&#8221; box_shadow_style=&#8221;preset1&#8243; box_shadow_blur=&#8221;10px&#8221; custom_padding=&#8221;0|0px|0|0px|false|false&#8221;][et_pb_row use_custom_width=&#8221;on&#8221; custom_width_px=&#8221;1920px&#8221; custom_padding=&#8221;30px|0px|23px|1px|false|false&#8221; _builder_version=&#8221;3.4.1&#8243;][et_pb_column type=&#8221;1_4&#8243; _builder_version=&#8221;3.0.47&#8243; parallax=&#8221;off&#8221; parallax_method=&#8221;on&#8221;][et_pb_image src=&#8221;http:\/\/www.medicina.uda.cl\/wp-content\/uploads\/2018\/08\/medicina_footer_logo_uda.png&#8221; align=&#8221;center&#8221; _builder_version=&#8221;3.11.1&#8243; max_width=&#8221;50%&#8221;]&nbsp;[\/et_pb_image][\/et_pb_column][et_pb_column type=&#8221;1_4&#8243; _builder_version=&#8221;3.0.47&#8243; parallax=&#8221;off&#8221; parallax_method=&#8221;on&#8221;][et_pb_image src=&#8221;http:\/\/www.salud.uda.cl\/ergonomia\/wp-content\/uploads\/2018\/12\/logo-facsal.png&#8221; align=&#8221;center&#8221; _builder_version=&#8221;3.19.1&#8243; max_width=&#8221;50%&#8221;]&nbsp;[\/et_pb_image][\/et_pb_column][et_pb_column type=&#8221;1_4&#8243; _builder_version=&#8221;3.0.47&#8243; parallax=&#8221;off&#8221; parallax_method=&#8221;on&#8221;][et_pb_image src=&#8221;http:\/\/www.salud.uda.cl\/ergonomia\/wp-content\/uploads\/2021\/09\/sello21125.png&#8221; align=&#8221;center&#8221; _builder_version=&#8221;3.19.1&#8243; max_width=&#8221;55%&#8221;]&nbsp;[\/et_pb_image][\/et_pb_column][et_pb_column type=&#8221;1_4&#8243; _builder_version=&#8221;3.0.47&#8243; parallax=&#8221;off&#8221; parallax_method=&#8221;on&#8221;][et_pb_image src=&#8221;http:\/\/www.medicina.uda.cl\/wp-content\/uploads\/2018\/08\/medicina_footer_logo_ue.png&#8221; align=&#8221;center&#8221; _builder_version=&#8221;3.11.1&#8243; max_width=&#8221;70%&#8221;]&nbsp;[\/et_pb_image][\/et_pb_column][\/et_pb_row][\/et_pb_section]<\/p>\n","protected":false},"excerpt":{"rendered":"<p>[et_pb_section fb_built=&#8221;1&#8243; custom_padding_last_edited=&#8221;on|tablet&#8221; _builder_version=&#8221;3.15&#8243; custom_padding=&#8221;30px|0px|14px|0px|false|false&#8221; custom_padding_tablet=&#8221;30px|0px|20px|0px&#8221;][et_pb_row custom_padding=&#8221;0|0px|7px|0|false|false&#8221; _builder_version=&#8221;3.15&#8243;][et_pb_column type=&#8221;4_4&#8243; _builder_version=&#8221;3.0.47&#8243; parallax=&#8221;off&#8221; parallax_method=&#8221;on&#8221;][et_pb_slider admin_label=&#8221;Banners&#8221; _builder_version=&#8221;3.19.1&#8243; border_width_all=&#8221;2&#8243; border_color_all=&#8221;#ffffff&#8221; auto=&#8221;on&#8221; custom_css_main_element=&#8221;box-shadow: 0px 1px 18px rgba(23, 23, 23, 0.17);|| -moz-box-shadow: 0px 1px 18px rgba(23, 23, 23, 0.17);|| -webkit-box-shadow: 0px 1px 18px rgba(23, 23, 23, 0.17);&#8221; custom_css_slide_button=&#8221;font-size: 0px;||background-color: rgba(0, 0, 0, 0.0) !important;||top: -1000px;||right: -1000px;||height: 5000px;||width: 5000px;||position: absolute;&#8221; button_text_size__hover_enabled=&#8221;off&#8221; button_one_text_size__hover_enabled=&#8221;off&#8221; [&hellip;]<\/p>\n","protected":false},"author":3,"featured_media":0,"parent":0,"menu_order":0,"comment_status":"closed","ping_status":"closed","template":"","meta":{"_et_pb_use_builder":"on","_et_pb_old_content":""},"_links":{"self":[{"href":"https:\/\/salud.uda.cl\/ergonomia\/wp-json\/wp\/v2\/pages\/25"}],"collection":[{"href":"https:\/\/salud.uda.cl\/ergonomia\/wp-json\/wp\/v2\/pages"}],"about":[{"href":"https:\/\/salud.uda.cl\/ergonomia\/wp-json\/wp\/v2\/types\/page"}],"author":[{"embeddable":true,"href":"https:\/\/salud.uda.cl\/ergonomia\/wp-json\/wp\/v2\/users\/3"}],"replies":[{"embeddable":true,"href":"https:\/\/salud.uda.cl\/ergonomia\/wp-json\/wp\/v2\/comments?post=25"}],"version-history":[{"count":159,"href":"https:\/\/salud.uda.cl\/ergonomia\/wp-json\/wp\/v2\/pages\/25\/revisions"}],"predecessor-version":[{"id":3043,"href":"https:\/\/salud.uda.cl\/ergonomia\/wp-json\/wp\/v2\/pages\/25\/revisions\/3043"}],"wp:attachment":[{"href":"https:\/\/salud.uda.cl\/ergonomia\/wp-json\/wp\/v2\/media?parent=25"}],"curies":[{"name":"wp","href":"https:\/\/api.w.org\/{rel}","templated":true}]}}