{"id":1763,"date":"2019-01-23T15:51:11","date_gmt":"2019-01-23T18:51:11","guid":{"rendered":"http:\/\/www.salud.uda.cl:8080\/ergonomia\/?page_id=1763"},"modified":"2019-04-04T15:12:23","modified_gmt":"2019-04-04T18:12:23","slug":"asistenciatecnica","status":"publish","type":"page","link":"https:\/\/salud.uda.cl\/ergonomia\/asistenciatecnica\/","title":{"rendered":"Asistencia Tecnica"},"content":{"rendered":"<p>[et_pb_section fb_built=&#8221;1&#8243; admin_label=&#8221;section&#8221; _builder_version=&#8221;3.0.47&#8243;][et_pb_row custom_padding=&#8221;27px|0px|74px|0|false|false&#8221; admin_label=&#8221;row&#8221; _builder_version=&#8221;3.0.48&#8243; background_size=&#8221;initial&#8221; background_position=&#8221;top_left&#8221; background_repeat=&#8221;repeat&#8221;][et_pb_column type=&#8221;4_4&#8243; _builder_version=&#8221;3.0.47&#8243; parallax=&#8221;off&#8221; parallax_method=&#8221;on&#8221;][et_pb_text admin_label=&#8221;Text&#8221; _builder_version=&#8221;3.19.1&#8243; background_size=&#8221;initial&#8221; background_position=&#8221;top_left&#8221; background_repeat=&#8221;repeat&#8221;]<\/p>\n<p><span style=\"font-size: x-large; color: #e09900;\"><strong>Asistencia T\u00e9cnica en Ergonom\u00eda\u00a0<\/strong><\/span><\/p>\n<p>&nbsp;<\/p>\n<p><span style=\"font-size: large;\"><em>Prestaciones<\/em><\/span><\/p>\n<p><span style=\"font-size: medium;\">\u00a0<\/span><\/p>\n<ul>\n<li><span style=\"font-size: medium; color: #5b5b5b;\"><strong>Intervenci\u00f3n ergon\u00f3mica en empresas y puestos de trabajo<\/strong><\/span><\/li>\n<li><span style=\"font-size: medium; color: #5b5b5b;\"><span style=\"font-family: inherit; font-weight: normal;\"><strong>Evaluaci\u00f3n de los factores de riesgo\u00a0musculoesquel\u00e9ticos en el \u00e1mbito laboral<a href=\"http:\/\/istas.net\/web\/abreenlace.asp?idenlace=10238\" target=\"#\" style=\"color: #5b5b5b; text-decoration: underline;\"> <\/a><\/strong><\/span><\/span><\/li>\n<li><span style=\"font-size: medium;\"><span style=\"color: #5b5b5b;\"><span style=\"font-family: inherit; font-weight: normal;\"><strong>Evaluaci\u00f3n de los factores de riesgo psicosociales en el \u00e1mbito laboral<\/strong><\/span><\/span><\/span><\/li>\n<li><span style=\"font-size: medium;\"><strong style=\"color: #5b5b5b;\">Formaci\u00f3n en ergonom\u00eda para profesionales de la Salud Ocupacional<\/strong><span style=\"color: #5b5b5b;\"><\/span><\/span><\/li>\n<li><span style=\"color: #5b5b5b; font-size: medium;\"><strong>M\u00e9todos de evaluaci\u00f3n ergon\u00f3mica<\/strong><span style=\"font-family: inherit;\">\u00a0<\/span><\/span><span style=\"color: #5b5b5b; font-size: medium;\"><\/span><\/li>\n<li><span style=\"color: #5b5b5b; font-size: medium;\"><strong>Medidas preventivs frente a riesgos disergon\u00f3micos<\/strong><\/span><\/li>\n<\/ul>\n<p><span style=\"font-size: large;\"><strong><\/strong><\/span><\/p>\n<p>&nbsp;<\/p>\n<p><span style=\"font-size: large;\">Contactar en:\u00a0<\/span>\u00a0 \u00a0 \u00a0 \u00a0 \u00a0 \u00a0<span style=\"font-size: large;\"><strong><em> \u00a0<a href=\"mailto:ergonomia@uda.cl\u00a0\">ergonomia@uda.cl\u00a0<\/a><\/em><\/strong><\/span><\/p>\n<p><span style=\"font-size: large;\"><strong><em> \u00a0 \u00a0 \u00a0 \u00a0<\/em> <\/strong><\/span><\/p>\n<p><strong><\/strong><\/p>\n<p>[\/et_pb_text][\/et_pb_column][\/et_pb_row][\/et_pb_section]<\/p>\n","protected":false},"excerpt":{"rendered":"<p>[et_pb_section fb_built=&#8221;1&#8243; admin_label=&#8221;section&#8221; _builder_version=&#8221;3.0.47&#8243;][et_pb_row custom_padding=&#8221;27px|0px|74px|0|false|false&#8221; admin_label=&#8221;row&#8221; _builder_version=&#8221;3.0.48&#8243; background_size=&#8221;initial&#8221; background_position=&#8221;top_left&#8221; background_repeat=&#8221;repeat&#8221;][et_pb_column type=&#8221;4_4&#8243; _builder_version=&#8221;3.0.47&#8243; parallax=&#8221;off&#8221; parallax_method=&#8221;on&#8221;][et_pb_text admin_label=&#8221;Text&#8221; _builder_version=&#8221;3.19.1&#8243; background_size=&#8221;initial&#8221; background_position=&#8221;top_left&#8221; background_repeat=&#8221;repeat&#8221;] Asistencia T\u00e9cnica en Ergonom\u00eda\u00a0 &nbsp; Prestaciones \u00a0 Intervenci\u00f3n ergon\u00f3mica en empresas y puestos de trabajo Evaluaci\u00f3n de los factores de riesgo\u00a0musculoesquel\u00e9ticos en el \u00e1mbito laboral Evaluaci\u00f3n de los factores de riesgo psicosociales en el \u00e1mbito laboral [&hellip;]<\/p>\n","protected":false},"author":5,"featured_media":0,"parent":0,"menu_order":0,"comment_status":"closed","ping_status":"closed","template":"","meta":{"_et_pb_use_builder":"on","_et_pb_old_content":""},"_links":{"self":[{"href":"https:\/\/salud.uda.cl\/ergonomia\/wp-json\/wp\/v2\/pages\/1763"}],"collection":[{"href":"https:\/\/salud.uda.cl\/ergonomia\/wp-json\/wp\/v2\/pages"}],"about":[{"href":"https:\/\/salud.uda.cl\/ergonomia\/wp-json\/wp\/v2\/types\/page"}],"author":[{"embeddable":true,"href":"https:\/\/salud.uda.cl\/ergonomia\/wp-json\/wp\/v2\/users\/5"}],"replies":[{"embeddable":true,"href":"https:\/\/salud.uda.cl\/ergonomia\/wp-json\/wp\/v2\/comments?post=1763"}],"version-history":[{"count":8,"href":"https:\/\/salud.uda.cl\/ergonomia\/wp-json\/wp\/v2\/pages\/1763\/revisions"}],"predecessor-version":[{"id":2046,"href":"https:\/\/salud.uda.cl\/ergonomia\/wp-json\/wp\/v2\/pages\/1763\/revisions\/2046"}],"wp:attachment":[{"href":"https:\/\/salud.uda.cl\/ergonomia\/wp-json\/wp\/v2\/media?parent=1763"}],"curies":[{"name":"wp","href":"https:\/\/api.w.org\/{rel}","templated":true}]}}