{"id":1722,"date":"2019-01-23T15:32:15","date_gmt":"2019-01-23T18:32:15","guid":{"rendered":"http:\/\/www.salud.uda.cl:8080\/ergonomia\/?page_id=1722"},"modified":"2019-04-04T16:48:18","modified_gmt":"2019-04-04T19:48:18","slug":"que-es-ergonomia","status":"publish","type":"page","link":"https:\/\/salud.uda.cl\/ergonomia\/que-es-ergonomia\/","title":{"rendered":"Definiciones de Ergonomia"},"content":{"rendered":"<p>[et_pb_section fb_built=&#8221;1&#8243; admin_label=&#8221;About&#8221; _builder_version=&#8221;3.4.1&#8243; custom_padding=&#8221;25px|0px|40px|0px|false|false&#8221;][et_pb_row use_custom_gutter=&#8221;on&#8221; gutter_width=&#8221;0&#8243; custom_padding=&#8221;27px|0px|0|0px|false|false&#8221; custom_margin=&#8221;|||&#8221; _builder_version=&#8221;3.4.1&#8243;][et_pb_column type=&#8221;1_2&#8243; _builder_version=&#8221;3.0.47&#8243; parallax=&#8221;off&#8221; parallax_method=&#8221;on&#8221;][et_pb_text _builder_version=&#8221;3.4.1&#8243; header_2_font=&#8221;Merriweather|700|||||||&#8221; header_2_font_size=&#8221;40px&#8221; header_2_line_height=&#8221;1.3em&#8221; custom_margin=&#8221;|||&#8221; custom_padding=&#8221;|||&#8221;]<\/p>\n<h3><span style=\"color: #e09900;\"><strong>ERGONOM\u00cdA \u00bfQu\u00e9 es?<\/strong><\/span><\/h3>\n<p>[\/et_pb_text][et_pb_divider color=&#8221;#fda128&#8243; divider_position=&#8221;center&#8221; divider_weight=&#8221;3px&#8221; _builder_version=&#8221;3.4.1&#8243; max_width=&#8221;90px&#8221; max_width_tablet=&#8221;13%&#8221; max_width_last_edited=&#8221;off|desktop&#8221; custom_margin=&#8221;5px|||&#8221; custom_padding=&#8221;|||&#8221;]&nbsp;[\/et_pb_divider][\/et_pb_column][et_pb_column type=&#8221;1_2&#8243; _builder_version=&#8221;3.0.47&#8243; parallax=&#8221;off&#8221; parallax_method=&#8221;on&#8221;][\/et_pb_column][\/et_pb_row][et_pb_row custom_padding=&#8221;5px|0px|0|0px|false|false&#8221; _builder_version=&#8221;3.19.1&#8243;][et_pb_column type=&#8221;4_4&#8243; _builder_version=&#8221;3.0.47&#8243; parallax=&#8221;off&#8221; parallax_method=&#8221;on&#8221;][et_pb_text admin_label=&#8221;description&#8221; _builder_version=&#8221;3.11.1&#8243; text_line_height=&#8221;1.8em&#8221; text_orientation=&#8221;justified&#8221; max_width_tablet=&#8221;89%&#8221; max_width_phone=&#8221;97%&#8221; max_width_last_edited=&#8221;off|desktop&#8221; custom_margin=&#8221;30px|||&#8221; custom_padding=&#8221;|||&#8221; inline_fonts=&#8221;Acme,Akronim&#8221;]<\/p>\n<p><span style=\"font-size: large;\"><strong>Definiciones de Ergonom\u00eda<\/strong><\/span><\/p>\n<p><strong><\/strong><\/p>\n<p><em>\u201cUna disciplina cient\u00edfica que estudia el funcionamiento de hombres y mujeres en actividad laboral; ella es una tecnolog\u00eda que agrupa y organiza los conocimientos de manera que puedan ser \u00fatiles para la concepci\u00f3n y el dise\u00f1o de medios de trabajo. Su campo de aplicaci\u00f3n es la protecci\u00f3n de la salud f\u00edsica, mental y emocional de los trabajadores(as), el desarrollo de las capacidades profesionales en el curso de la vida activa, enmarcada en objetivos de producci\u00f3n\u201d<\/em><span style=\"font-size: 14px;\">\u00a0 \u00a0 \u00a0 \u00a0 \u00a0 \u00a0 \u00a0 \u00a0 \u00a0 \u00a0 \u00a0 \u00a0 \u00a0 \u00a0 \u00a0 \u00a0 \u00a0 \u00a0 \u00a0 \u00a0 \u00a0 \u00a0 \u00a0 \u00a0 \u00a0 \u00a0 \u00a0 \u00a0 \u00a0 \u00a0 \u00a0 \u00a0 \u00a0 \u00a0 \u00a0 \u00a0 \u00a0 \u00a0 \u00a0 \u00a0 \u00a0 \u00a0 \u00a0 \u00a0 \u00a0 \u00a0 \u00a0 \u00a0 \u00a0 \u00a0 \u00a0 \u00a0 \u00a0 \u00a0 \u00a0 \u00a0 \u00a0 \u00a0 \u00a0 \u00a0 \u00a0 \u00a0 \u00a0 \u00a0 \u00a0 \u00a0 \u00a0 \u00a0 \u00a0 \u00a0 \u00a0 \u00a0 \u00a0 \u00a0 \u00a0 \u00a0 \u00a0 \u00a0 \u00a0 \u00a0 \u00a0 \u00a0 \u00a0 \u00a0 \u00a0 \u00a0 \u00a0 \u00a0 \u00a0 \u00a0 \u00a0 \u00a0 \u00a0 \u00a0 \u00a0 \u00a0 \u00a0 \u00a0 \u00a0 \u00a0 \u00a0 \u00a0 \u00a0 \u00a0 \u00a0 \u00a0 \u00a0 \u00a0 \u00a0 \u00a0 \u00a0 \u00a0 \u00a0 \u00a0 \u00a0 \u00a0 \u00a0 \u00a0 \u00a0 \u00a0 \u00a0 \u00a0 \u00a0 \u00a0 \u00a0 \u00a0 \u00a0 \u00a0 \u00a0 \u00a0 \u00a0 \u00a0 \u00a0 \u00a0 \u00a0 \u00a0 \u00a0 \u00a0 \u00a0 \u00a0 \u00a0 \u00a0 \u00a0 \u00a0 \u00a0 \u00a0 \u00a0 \u00a0 \u00a0 \u00a0 \u00a0 \u00a0 \u00a0 \u00a0 \u00a0 \u00a0 \u00a0 \u00a0 \u00a0 \u00a0 \u00a0 \u00a0 \u00a0 \u00a0 \u00a0 \u00a0 \u00a0 \u00a0 \u00a0 \u00a0 \u00a0 \u00a0Laville, 1976<\/span><\/p>\n<p>&#8220;<em>La ergonom\u00eda es la disciplina cient\u00edfica que apunta a comprensi\u00f3n fundamental de las interacciones entre los seres humanos y los otros componentes de un sistema, y \u200b\u200bla implementaci\u00f3n en el dise\u00f1o de teor\u00edas, principios, m\u00e9todos y datos relevantes para mejorar el bienestar de hombres y mujeres. eficiencia general de los sistemas<\/em> &#8220;.<\/p>\n<p>\u00a0 \u00a0 \u00a0 \u00a0 \u00a0 \u00a0 \u00a0 \u00a0 \u00a0 \u00a0 \u00a0 \u00a0 \u00a0 \u00a0 \u00a0 \u00a0 \u00a0 \u00a0 \u00a0 \u00a0 \u00a0 \u00a0 \u00a0 \u00a0 \u00a0 \u00a0 \u00a0 \u00a0 \u00a0 \u00a0 \u00a0 \u00a0 \u00a0 \u00a0 \u00a0 \u00a0 \u00a0 \u00a0 \u00a0 \u00a0 \u00a0 \u00a0 \u00a0 \u00a0 \u00a0 \u00a0 \u00a0 \u00a0 \u00a0 \u00a0 \u00a0 \u00a0 \u00a0 \u00a0 \u00a0 \u00a0 \u00a0 \u00a0 \u00a0 \u00a0 \u00a0 \u00a0 \u00a0 \u00a0 \u00a0 \u00a0 \u00a0 \u00a0 \u00a0 \u00a0 \u00a0 \u00a0 \u00a0 \u00a0 \u00a0 \u00a0 \u00a0 \u00a0 \u00a0 \u00a0 \u00a0 \u00a0 \u00a0 \u00a0 \u00a0 \u00a0 \u00a0 \u00a0 \u00a0 \u00a0 \u00a0 \u00a0 \u00a0 \u00a0 \u00a0 \u00a0 \u00a0 \u00a0 \u00a0 \u00a0 \u00a0 \u00a0 \u00a0 \u00a0IEA (<span>International Ergonomics Association),\u00a0<\/span>2000<\/p>\n<p><em>La ergonom\u00eda es una tecnolog\u00eda cuyo prop\u00f3sito es el desarrollo de sistemas hombre-m\u00e1quina o, m\u00e1s ampliamente, las condiciones de trabajo, seg\u00fan los criterios, la m\u00e1s importante de las cuales concierne al bienestar en el trabajo (comodidad, satisfacci\u00f3n, salud, seguridad, etc.).<\/em><\/p>\n<p><em>Ciencias del trabajo, o todas las ciencias del trabajo.<\/em><span style=\"font-size: 14px;\"><em>\u00a0<\/em> \u00a0 \u00a0 \u00a0 \u00a0 \u00a0 \u00a0 \u00a0 \u00a0 \u00a0 \u00a0 \u00a0 \u00a0 \u00a0 \u00a0 \u00a0 \u00a0 \u00a0 \u00a0 \u00a0 \u00a0 \u00a0 \u00a0 \u00a0 \u00a0 \u00a0 \u00a0 \u00a0 \u00a0 \u00a0 \u00a0 \u00a0 \u00a0 \u00a0 \u00a0 \u00a0 \u00a0 \u00a0 \u00a0 \u00a0 \u00a0 \u00a0 \u00a0 \u00a0 \u00a0 \u00a0 \u00a0 \u00a0 \u00a0 \u00a0 \u00a0 \u00a0 \u00a0 \u00a0 \u00a0 \u00a0 \u00a0 \u00a0 \u00a0 \u00a0 \u00a0 \u00a0 \u00a0 \u00a0 \u00a0 \u00a0 \u00a0 \u00a0 \u00a0 \u00a0 \u00a0 \u00a0 \u00a0 \u00a0 \u00a0 \u00a0 \u00a0 \u00a0 \u00a0 \u00a0 \u00a0 \u00a0 \u00a0 \u00a0 \u00a0 \u00a0 \u00a0 \u00a0 \u00a0 \u00a0 \u00a0 \u00a0 \u00a0 \u00a0 \u00a0 \u00a0 \u00a0 \u00a0 \u00a0 \u00a0 \u00a0 \u00a0 \u00a0 \u00a0 \u00a0 \u00a0 \u00a0 \u00a0 \u00a0 \u00a0 \u00a0 \u00a0 \u00a0 \u00a0 \u00a0 \u00a0 \u00a0 \u00a0 \u00a0 \u00a0 \u00a0 \u00a0 \u00a0 \u00a0 \u00a0 \u00a0 \u00a0 \u00a0 \u00a0 \u00a0 \u00a0 \u00a0 \u00a0 \u00a0 \u00a0 \u00a0 \u00a0 \u00a0 \u00a0 \u00a0 \u00a0 \u00a0 \u00a0 \u00a0 \u00a0 \u00a0 \u00a0 \u00a0 \u00a0 \u00a0 \u00a0 \u00a0 \u00a0 \u00a0 \u00a0 \u00a0 \u00a0 \u00a0 \u00a0 \u00a0 \u00a0 \u00a0 \u00a0 \u00a0 \u00a0 \u00a0 \u00a0 \u00a0 \u00a0 \u00a0 \u00a0 \u00a0 \u00a0 \u00a0 \u00a0 \u00a0 \u00a0 \u00a0 \u00a0 \u00a0 \u00a0 \u00a0 \u00a0 \u00a0 \u00a0 \u00a0 \u00a0 \u00a0 \u00a0 \u00a0 \u00a0 \u00a0 \u00a0 \u00a0 \u00a0 \u00a0 \u00a0 \u00a0 \u00a0 \u00a0 \u00a0 \u00a0 \u00a0Jacques LEPLAT (Encyclopedia Universalis), 1989<\/span><\/p>\n<p>&nbsp;<\/p>\n<p>\u00a0<span style=\"font-size: large;\"><strong>Objetivos de la Ergonom\u00eda<\/strong><\/span><\/p>\n<p><span style=\"font-size: 14px;\">La ergonom\u00eda tiene por objetivo: la concepci\u00f3n de medios de trabajo que sean compatibles\u00a0con las caracter\u00edsticas f\u00edsicas, psicol\u00f3gicas y sociales de los hombres y de las mujeres\u00a0con criterios de salud y de eficacia econ\u00f3mica.<\/span><\/p>\n<p>\u00a0 \u00a0 \u00a0 \u00a0 \u00a0 \u00a0 \u00a0 \u00a0 \u00a0 \u00a0 \u00a0 \u00a0 \u00a0 \u00a0 \u00a0 \u00a0 \u00a0 \u00a0 \u00a0 \u00a0 \u00a0 \u00a0 \u00a0 \u00a0 \u00a0 \u00a0 \u00a0 \u00a0 \u00a0 \u00a0 \u00a0 \u00a0 \u00a0 \u00a0 \u00a0 \u00a0 \u00a0 \u00a0 \u00a0 \u00a0 \u00a0 \u00a0 \u00a0 \u00a0 \u00a0 \u00a0 \u00a0 \u00a0 \u00a0 \u00a0 \u00a0 \u00a0 \u00a0 \u00a0 \u00a0 \u00a0 \u00a0 \u00a0 \u00a0 \u00a0 \u00a0 \u00a0 \u00a0 \u00a0 \u00a0 \u00a0 \u00a0 \u00a0 \u00a0 \u00a0 \u00a0 \u00a0 \u00a0 \u00a0 \u00a0 \u00a0 \u00a0 \u00a0 \u00a0 \u00a0 \u00a0 \u00a0 \u00a0 \u00a0 \u00a0 \u00a0 \u00a0 \u00a0 \u00a0 \u00a0 \u00a0 \u00a0 \u00a0 \u00a0 \u00a0 \u00a0 \u00a0 \u00a0 \u00a0 \u00a0 \u00a0 \u00a0Adaptaci\u00f3n de una definici\u00f3n de F. Daniellou 2006<\/p>\n<p><span style=\"font-size: large;\"><strong>Definici\u00f3n del profesional erg\u00f3nomo(a)<\/strong><\/span><\/p>\n<p>Los profesionales de la ergonom\u00eda y los erg\u00f3nomos contribuyen a la planificaci\u00f3n, el dise\u00f1o y la evaluaci\u00f3n de tareas, trabajos, productos, organizaciones, entornos y sistemas para hacerlos compatibles con las necesidades, habilidades y limitaciones de las personas.<strong><\/strong><\/p>\n<p>&nbsp;<\/p>\n<p>\u00a0 \u00a0 \u00a0 \u00a0 \u00a0 \u00a0 \u00a0 \u00a0 \u00a0 \u00a0 \u00a0 \u00a0 \u00a0 \u00a0 \u00a0 \u00a0 \u00a0 \u00a0 \u00a0 \u00a0 \u00a0 \u00a0 \u00a0 \u00a0 \u00a0 \u00a0 \u00a0 \u00a0 \u00a0 \u00a0 \u00a0 \u00a0 \u00a0 \u00a0 \u00a0 \u00a0 \u00a0 \u00a0 \u00a0 \u00a0 \u00a0 \u00a0 \u00a0 \u00a0 \u00a0 \u00a0 \u00a0 \u00a0 \u00a0 \u00a0 \u00a0 \u00a0 \u00a0 \u00a0 \u00a0 \u00a0 \u00a0 \u00a0 \u00a0 \u00a0 \u00a0 \u00a0 \u00a0 \u00a0 \u00a0 \u00a0 \u00a0 \u00a0 \u00a0 \u00a0 \u00a0 \u00a0 \u00a0 \u00a0 \u00a0 \u00a0 \u00a0 \u00a0 \u00a0 \u00a0 \u00a0 \u00a0 \u00a0 \u00a0 \u00a0 \u00a0 \u00a0 \u00a0 \u00a0 \u00a0 \u00a0 \u00a0 \u00a0 \u00a0 \u00a0 \u00a0 \u00a0 \u00a0 \u00a0 \u00a0 \u00a0 \u00a0 \u00a0 \u00a0 \u00a0IEA (<span>International Ergonomics Association),\u00a0<\/span>2000<\/p>\n<p><strong><\/strong><\/p>\n<p><span style=\"font-size: large;\"><strong><em><\/em><\/strong><\/span><\/p>\n<div class=\"et_pb_text_inner\"><\/div>\n<p>[\/et_pb_text][\/et_pb_column][\/et_pb_row][\/et_pb_section]<\/p>\n","protected":false},"excerpt":{"rendered":"<p>[et_pb_section fb_built=&#8221;1&#8243; admin_label=&#8221;About&#8221; _builder_version=&#8221;3.4.1&#8243; custom_padding=&#8221;25px|0px|40px|0px|false|false&#8221;][et_pb_row use_custom_gutter=&#8221;on&#8221; gutter_width=&#8221;0&#8243; custom_padding=&#8221;27px|0px|0|0px|false|false&#8221; custom_margin=&#8221;|||&#8221; _builder_version=&#8221;3.4.1&#8243;][et_pb_column type=&#8221;1_2&#8243; _builder_version=&#8221;3.0.47&#8243; parallax=&#8221;off&#8221; parallax_method=&#8221;on&#8221;][et_pb_text _builder_version=&#8221;3.4.1&#8243; header_2_font=&#8221;Merriweather|700|||||||&#8221; header_2_font_size=&#8221;40px&#8221; header_2_line_height=&#8221;1.3em&#8221; custom_margin=&#8221;|||&#8221; custom_padding=&#8221;|||&#8221;] ERGONOM\u00cdA \u00bfQu\u00e9 es? [\/et_pb_text][et_pb_divider color=&#8221;#fda128&#8243; divider_position=&#8221;center&#8221; divider_weight=&#8221;3px&#8221; _builder_version=&#8221;3.4.1&#8243; max_width=&#8221;90px&#8221; max_width_tablet=&#8221;13%&#8221; max_width_last_edited=&#8221;off|desktop&#8221; custom_margin=&#8221;5px|||&#8221; custom_padding=&#8221;|||&#8221;]&nbsp;[\/et_pb_divider][\/et_pb_column][et_pb_column type=&#8221;1_2&#8243; _builder_version=&#8221;3.0.47&#8243; parallax=&#8221;off&#8221; parallax_method=&#8221;on&#8221;][\/et_pb_column][\/et_pb_row][et_pb_row custom_padding=&#8221;5px|0px|0|0px|false|false&#8221; _builder_version=&#8221;3.19.1&#8243;][et_pb_column type=&#8221;4_4&#8243; _builder_version=&#8221;3.0.47&#8243; parallax=&#8221;off&#8221; parallax_method=&#8221;on&#8221;][et_pb_text admin_label=&#8221;description&#8221; _builder_version=&#8221;3.11.1&#8243; text_line_height=&#8221;1.8em&#8221; text_orientation=&#8221;justified&#8221; max_width_tablet=&#8221;89%&#8221; max_width_phone=&#8221;97%&#8221; max_width_last_edited=&#8221;off|desktop&#8221; custom_margin=&#8221;30px|||&#8221; custom_padding=&#8221;|||&#8221; inline_fonts=&#8221;Acme,Akronim&#8221;] Definiciones de [&hellip;]<\/p>\n","protected":false},"author":5,"featured_media":0,"parent":0,"menu_order":0,"comment_status":"closed","ping_status":"closed","template":"","meta":{"_et_pb_use_builder":"on","_et_pb_old_content":""},"_links":{"self":[{"href":"https:\/\/salud.uda.cl\/ergonomia\/wp-json\/wp\/v2\/pages\/1722"}],"collection":[{"href":"https:\/\/salud.uda.cl\/ergonomia\/wp-json\/wp\/v2\/pages"}],"about":[{"href":"https:\/\/salud.uda.cl\/ergonomia\/wp-json\/wp\/v2\/types\/page"}],"author":[{"embeddable":true,"href":"https:\/\/salud.uda.cl\/ergonomia\/wp-json\/wp\/v2\/users\/5"}],"replies":[{"embeddable":true,"href":"https:\/\/salud.uda.cl\/ergonomia\/wp-json\/wp\/v2\/comments?post=1722"}],"version-history":[{"count":11,"href":"https:\/\/salud.uda.cl\/ergonomia\/wp-json\/wp\/v2\/pages\/1722\/revisions"}],"predecessor-version":[{"id":2081,"href":"https:\/\/salud.uda.cl\/ergonomia\/wp-json\/wp\/v2\/pages\/1722\/revisions\/2081"}],"wp:attachment":[{"href":"https:\/\/salud.uda.cl\/ergonomia\/wp-json\/wp\/v2\/media?parent=1722"}],"curies":[{"name":"wp","href":"https:\/\/api.w.org\/{rel}","templated":true}]}}