{"id":1510,"date":"2019-01-09T10:28:38","date_gmt":"2019-01-09T13:28:38","guid":{"rendered":"http:\/\/www.salud.uda.cl:8080\/ergonomia\/?page_id=1510"},"modified":"2020-05-11T01:45:17","modified_gmt":"2020-05-11T04:45:17","slug":"1510-2","status":"publish","type":"page","link":"https:\/\/salud.uda.cl\/ergonomia\/1510-2\/","title":{"rendered":"Para leer&#8230;"},"content":{"rendered":"<p>[et_pb_section fb_built=&#8221;1&#8243; admin_label=&#8221;About&#8221; _builder_version=&#8221;3.4.1&#8243; custom_padding=&#8221;25px|0px|0|0px|false|false&#8221;][et_pb_row use_custom_gutter=&#8221;on&#8221; gutter_width=&#8221;0&#8243; custom_padding=&#8221;27px|0px|0|0px|false|false&#8221; custom_margin=&#8221;|||&#8221; _builder_version=&#8221;3.4.1&#8243;][et_pb_column type=&#8221;1_2&#8243; _builder_version=&#8221;3.0.47&#8243; parallax=&#8221;off&#8221; parallax_method=&#8221;on&#8221;][et_pb_text _builder_version=&#8221;3.4.1&#8243; header_2_font=&#8221;Merriweather|700|||||||&#8221; header_2_font_size=&#8221;40px&#8221; header_2_line_height=&#8221;1.3em&#8221; custom_margin=&#8221;|||&#8221; custom_padding=&#8221;|||&#8221;]<\/p>\n<h3>Para leer&#8230;<span style=\"color: #fda128;\"><\/span><\/h3>\n<p>[\/et_pb_text][et_pb_divider color=&#8221;#fda128&#8243; divider_position=&#8221;center&#8221; divider_weight=&#8221;3px&#8221; _builder_version=&#8221;3.4.1&#8243; max_width=&#8221;90px&#8221; max_width_tablet=&#8221;13%&#8221; max_width_last_edited=&#8221;off|desktop&#8221; custom_margin=&#8221;5px|||&#8221; custom_padding=&#8221;|||&#8221;]&nbsp;[\/et_pb_divider][\/et_pb_column][et_pb_column type=&#8221;1_2&#8243; _builder_version=&#8221;3.0.47&#8243; parallax=&#8221;off&#8221; parallax_method=&#8221;on&#8221;][\/et_pb_column][\/et_pb_row][\/et_pb_section][et_pb_section fb_built=&#8221;1&#8243; _builder_version=&#8221;3.19.1&#8243; custom_padding=&#8221;0|0px|54px|0px|false|false&#8221;][et_pb_row _builder_version=&#8221;3.19.1&#8243; custom_padding=&#8221;0|0px|27px|0px|false|false&#8221;][et_pb_column type=&#8221;4_4&#8243; _builder_version=&#8221;3.19.1&#8243; parallax=&#8221;off&#8221; parallax_method=&#8221;on&#8221;][et_pb_accordion _builder_version=&#8221;3.19.1&#8243; link_option_url=&#8221;http:\/\/www.infocop.es\/pdf\/libroergonomia.pdf&#8221;][et_pb_accordion_item title=&#8221;1.- Ergonom\u00eda en los sistemas de trabajo. Autor: Jos\u00e9 J. Ca\u00f1as Delgado Grupo de Ergonom\u00eda Cognitiva Universidad de Granada&#8221; open=&#8221;on&#8221; _builder_version=&#8221;3.19.1&#8243; title_text_shadow_horizontal_length=&#8221;0em&#8221; title_text_shadow_vertical_length=&#8221;0em&#8221; title_text_shadow_blur_strength=&#8221;0em&#8221; body_text_shadow_horizontal_length=&#8221;0em&#8221; body_text_shadow_vertical_length=&#8221;0em&#8221; body_text_shadow_blur_strength=&#8221;0em&#8221; link_option_url=&#8221;www.infocop.es\/pdf\/libroergonomia.pdf&#8221;][\/et_pb_accordion_item][et_pb_accordion_item title=&#8221;2.- Cap\u00edtulo 29 Ergonom\u00eda, Autor: OIT, directores: Wolfgang Laurig y Joachim Vedder&#8221; open=&#8221;off&#8221; _builder_version=&#8221;3.19.1&#8243; title_text_shadow_horizontal_length=&#8221;0em&#8221; title_text_shadow_vertical_length=&#8221;0em&#8221; title_text_shadow_blur_strength=&#8221;0em&#8221; body_text_shadow_horizontal_length=&#8221;0em&#8221; body_text_shadow_vertical_length=&#8221;0em&#8221; body_text_shadow_blur_strength=&#8221;0em&#8221; link_option_url=&#8221;http:\/\/www.insht.es\/InshtWeb\/Contenidos\/Documentacion\/TextosOnline\/EnciclopediaOIT\/tomo1\/29.pdf&#8221;][\/et_pb_accordion_item][et_pb_accordion_item title=&#8221;3.- Seguridad del Paciente. Estrategias para una asistencia sanitaria m\u00e1s segura&#8221; open=&#8221;off&#8221; _builder_version=&#8221;3.19.1&#8243; title_text_shadow_horizontal_length=&#8221;0em&#8221; title_text_shadow_vertical_length=&#8221;0em&#8221; title_text_shadow_blur_strength=&#8221;0em&#8221; body_text_shadow_horizontal_length=&#8221;0em&#8221; body_text_shadow_vertical_length=&#8221;0em&#8221; body_text_shadow_blur_strength=&#8221;0em&#8221; link_option_url=&#8221;http:\/\/www.moduslaborandi.com\/uploads\/file\/Seguridad_del_paciente.pdf&#8221;][\/et_pb_accordion_item][et_pb_accordion_item title=&#8221;4.- Book: Ergonomic checkpoints: Practical and easy-to-implement solutions for improving safety, health and working conditions&#8221; open=&#8221;off&#8221; _builder_version=&#8221;3.19.1&#8243; title_text_shadow_horizontal_length=&#8221;0em&#8221; title_text_shadow_vertical_length=&#8221;0em&#8221; title_text_shadow_blur_strength=&#8221;0em&#8221; body_text_shadow_horizontal_length=&#8221;0em&#8221; body_text_shadow_vertical_length=&#8221;0em&#8221; body_text_shadow_blur_strength=&#8221;0em&#8221; link_option_url=&#8221;http:\/\/www.ilo.org\/wcmsp5\/groups\/public\/&#8212;dgreports\/&#8212;dcomm\/&#8212;publ\/documents\/publication\/wcms_120133.pdf&#8221;][\/et_pb_accordion_item][et_pb_accordion_item title=&#8221;5.- Book: Ergonomic Checkpoints in Health Care Work&#8221; open=&#8221;off&#8221; _builder_version=&#8221;3.19.1&#8243; title_text_shadow_horizontal_length=&#8221;0em&#8221; title_text_shadow_vertical_length=&#8221;0em&#8221; title_text_shadow_blur_strength=&#8221;0em&#8221; body_text_shadow_horizontal_length=&#8221;0em&#8221; body_text_shadow_vertical_length=&#8221;0em&#8221; body_text_shadow_blur_strength=&#8221;0em&#8221; link_option_url=&#8221;https:\/\/www.iea.cc\/upload\/Ergonomic%20Checkpoints%20in%20Health%20Care%20Work.pdf&#8221;][\/et_pb_accordion_item][et_pb_accordion_item title=&#8221;6.- Gu\u00eda T\u00e9cnica para la Evaluaci\u00f3n y Control de Riesgos asociados al manejo o Manipulaci\u00f3n Manual de Carga&#8221; open=&#8221;off&#8221; _builder_version=&#8221;3.19.1&#8243; title_text_shadow_horizontal_length=&#8221;0em&#8221; title_text_shadow_vertical_length=&#8221;0em&#8221; title_text_shadow_blur_strength=&#8221;0em&#8221; body_text_shadow_horizontal_length=&#8221;0em&#8221; body_text_shadow_vertical_length=&#8221;0em&#8221; body_text_shadow_blur_strength=&#8221;0em&#8221;][\/et_pb_accordion_item][\/et_pb_accordion][et_pb_text _builder_version=&#8221;3.19.1&#8243; background_color=&#8221;#aa8800&#8243;][\/et_pb_text][\/et_pb_column][\/et_pb_row][\/et_pb_section]<\/p>\n","protected":false},"excerpt":{"rendered":"<p>[et_pb_section fb_built=&#8221;1&#8243; admin_label=&#8221;About&#8221; _builder_version=&#8221;3.4.1&#8243; custom_padding=&#8221;25px|0px|0|0px|false|false&#8221;][et_pb_row use_custom_gutter=&#8221;on&#8221; gutter_width=&#8221;0&#8243; custom_padding=&#8221;27px|0px|0|0px|false|false&#8221; custom_margin=&#8221;|||&#8221; _builder_version=&#8221;3.4.1&#8243;][et_pb_column type=&#8221;1_2&#8243; _builder_version=&#8221;3.0.47&#8243; parallax=&#8221;off&#8221; parallax_method=&#8221;on&#8221;][et_pb_text _builder_version=&#8221;3.4.1&#8243; header_2_font=&#8221;Merriweather|700|||||||&#8221; header_2_font_size=&#8221;40px&#8221; header_2_line_height=&#8221;1.3em&#8221; custom_margin=&#8221;|||&#8221; custom_padding=&#8221;|||&#8221;] Para leer&#8230; [\/et_pb_text][et_pb_divider color=&#8221;#fda128&#8243; divider_position=&#8221;center&#8221; divider_weight=&#8221;3px&#8221; _builder_version=&#8221;3.4.1&#8243; max_width=&#8221;90px&#8221; max_width_tablet=&#8221;13%&#8221; max_width_last_edited=&#8221;off|desktop&#8221; custom_margin=&#8221;5px|||&#8221; custom_padding=&#8221;|||&#8221;]&nbsp;[\/et_pb_divider][\/et_pb_column][et_pb_column type=&#8221;1_2&#8243; _builder_version=&#8221;3.0.47&#8243; parallax=&#8221;off&#8221; parallax_method=&#8221;on&#8221;][\/et_pb_column][\/et_pb_row][\/et_pb_section][et_pb_section fb_built=&#8221;1&#8243; _builder_version=&#8221;3.19.1&#8243; custom_padding=&#8221;0|0px|54px|0px|false|false&#8221;][et_pb_row _builder_version=&#8221;3.19.1&#8243; custom_padding=&#8221;0|0px|27px|0px|false|false&#8221;][et_pb_column type=&#8221;4_4&#8243; _builder_version=&#8221;3.19.1&#8243; parallax=&#8221;off&#8221; parallax_method=&#8221;on&#8221;][et_pb_accordion _builder_version=&#8221;3.19.1&#8243; link_option_url=&#8221;http:\/\/www.infocop.es\/pdf\/libroergonomia.pdf&#8221;][et_pb_accordion_item title=&#8221;1.- Ergonom\u00eda en los sistemas de trabajo. Autor: [&hellip;]<\/p>\n","protected":false},"author":5,"featured_media":0,"parent":0,"menu_order":0,"comment_status":"closed","ping_status":"closed","template":"","meta":{"_et_pb_use_builder":"on","_et_pb_old_content":""},"_links":{"self":[{"href":"https:\/\/salud.uda.cl\/ergonomia\/wp-json\/wp\/v2\/pages\/1510"}],"collection":[{"href":"https:\/\/salud.uda.cl\/ergonomia\/wp-json\/wp\/v2\/pages"}],"about":[{"href":"https:\/\/salud.uda.cl\/ergonomia\/wp-json\/wp\/v2\/types\/page"}],"author":[{"embeddable":true,"href":"https:\/\/salud.uda.cl\/ergonomia\/wp-json\/wp\/v2\/users\/5"}],"replies":[{"embeddable":true,"href":"https:\/\/salud.uda.cl\/ergonomia\/wp-json\/wp\/v2\/comments?post=1510"}],"version-history":[{"count":35,"href":"https:\/\/salud.uda.cl\/ergonomia\/wp-json\/wp\/v2\/pages\/1510\/revisions"}],"predecessor-version":[{"id":2410,"href":"https:\/\/salud.uda.cl\/ergonomia\/wp-json\/wp\/v2\/pages\/1510\/revisions\/2410"}],"wp:attachment":[{"href":"https:\/\/salud.uda.cl\/ergonomia\/wp-json\/wp\/v2\/media?parent=1510"}],"curies":[{"name":"wp","href":"https:\/\/api.w.org\/{rel}","templated":true}]}}